{"id":58,"date":"2019-03-10T10:49:18","date_gmt":"2019-03-10T09:49:18","guid":{"rendered":"https:\/\/dc-flipper.cz\/upload\/?page_id=58"},"modified":"2021-05-10T22:33:45","modified_gmt":"2021-05-10T20:33:45","slug":"prevence","status":"publish","type":"page","link":"https:\/\/dc-flipper.cz\/index.php\/prevence\/","title":{"rendered":"Prevence"},"content":{"rendered":"\t\t<div data-elementor-type=\"wp-post\" data-elementor-id=\"58\" class=\"elementor elementor-58\">\n\t\t\t\t\t\t<section class=\"elementor-section elementor-top-section elementor-element elementor-element-87430b0 elementor-section-stretched elementor-section-height-min-height elementor-section-boxed elementor-section-height-default elementor-section-items-middle\" data-id=\"87430b0\" data-element_type=\"section\" id=\"zeny\" data-settings=\"{&quot;stretch_section&quot;:&quot;section-stretched&quot;}\">\n\t\t\t\t\t\t<div class=\"elementor-container elementor-column-gap-default\">\n\t\t\t\t\t<div class=\"elementor-column elementor-col-100 elementor-top-column elementor-element elementor-element-6e60283\" data-id=\"6e60283\" data-element_type=\"column\">\n\t\t\t<div class=\"elementor-widget-wrap elementor-element-populated\">\n\t\t\t\t\t\t<div class=\"elementor-element elementor-element-5cbc496 elementor-widget elementor-widget-heading\" data-id=\"5cbc496\" data-element_type=\"widget\" data-widget_type=\"heading.default\">\n\t\t\t\t<div class=\"elementor-widget-container\">\n\t\t\t\t\t<h2 class=\"elementor-heading-title elementor-size-default\">PREVENTIVN\u00cd VY\u0160ET\u0158EN\u00cd \u017dEN<\/h2>\t\t\t\t<\/div>\n\t\t\t\t<\/div>\n\t\t\t\t\t<\/div>\n\t\t<\/div>\n\t\t\t\t\t<\/div>\n\t\t<\/section>\n\t\t\t\t<section class=\"elementor-section elementor-top-section elementor-element elementor-element-8b36821 elementor-section-stretched elementor-section-boxed elementor-section-height-default elementor-section-height-default\" data-id=\"8b36821\" data-element_type=\"section\" data-settings=\"{&quot;stretch_section&quot;:&quot;section-stretched&quot;}\">\n\t\t\t\t\t\t<div class=\"elementor-container elementor-column-gap-default\">\n\t\t\t\t\t<div class=\"elementor-column elementor-col-50 elementor-top-column elementor-element elementor-element-d83c273\" data-id=\"d83c273\" data-element_type=\"column\">\n\t\t\t<div class=\"elementor-widget-wrap elementor-element-populated\">\n\t\t\t\t\t\t<div class=\"elementor-element elementor-element-f605544 elementor-widget elementor-widget-text-editor\" data-id=\"f605544\" data-element_type=\"widget\" data-widget_type=\"text-editor.default\">\n\t\t\t\t<div class=\"elementor-widget-container\">\n\t\t\t\t\t\t\t\t\t<p>Rakovina prsu postihne ka\u017edou osmou \u017eenu v \u010cR. V po\u010d\u00e1te\u010dn\u00edm st\u00e1diu je onemocn\u011bn\u00ed dob\u0159e l\u00e9\u010diteln\u00e9, v\u011bt\u0161inou v\u0161ak\u00a0 zcela bezp\u0159\u00edznakov\u00e9.<\/p><p>Ultrazvukov\u00e9 vy\u0161et\u0159en\u00ed m\u016f\u017ee odhalit i \u010dasn\u00e1 st\u00e1dia onemocn\u011bn\u00ed prs\u016f. Jde o nebolestivou a bezpe\u010dnou vy\u0161et\u0159ovac\u00ed metodu, kter\u00e1\u00a0nevy\u017eaduje p\u0159\u00edpravu, nezat\u011b\u017euje organismus rentgenov\u00fdm z\u00e1\u0159en\u00edm a je mo\u017en\u00e9 ji libovoln\u011b opakovat.<br \/><br \/>Vy\u0161et\u0159en\u00ed prov\u00e1d\u00ed l\u00e9ka\u0159 radiolog &#8211; mamolog, s bohat\u00fdmi zku\u0161enostmi z v\u00fdznamn\u00e9ho brn\u011bnsk\u00e9ho mamo-onkologick\u00e9ho centra. V p\u0159\u00edpad\u011b n\u00e1lezu ode\u0161leme pacientku p\u0159\u00edmo do mam\u00e1rn\u00ed\u00a0 poradny.\u00a0\u00a0 \u00a0<\/p>\t\t\t\t\t\t\t\t<\/div>\n\t\t\t\t<\/div>\n\t\t\t\t\t<\/div>\n\t\t<\/div>\n\t\t\t\t<div class=\"elementor-column elementor-col-50 elementor-top-column elementor-element elementor-element-594e4c4\" data-id=\"594e4c4\" data-element_type=\"column\">\n\t\t\t<div class=\"elementor-widget-wrap elementor-element-populated\">\n\t\t\t\t\t\t<div class=\"elementor-element elementor-element-6366963 elementor-widget elementor-widget-image\" data-id=\"6366963\" data-element_type=\"widget\" data-widget_type=\"image.default\">\n\t\t\t\t<div class=\"elementor-widget-container\">\n\t\t\t\t\t\t\t\t\t\t\t\t\t\t\t<img fetchpriority=\"high\" decoding=\"async\" width=\"1024\" height=\"782\" src=\"https:\/\/dc-flipper.cz\/wp-content\/uploads\/2021\/05\/20210121_151941_1-1024x782.jpg\" class=\"attachment-large size-large wp-image-863\" alt=\"\" srcset=\"https:\/\/dc-flipper.cz\/wp-content\/uploads\/2021\/05\/20210121_151941_1-1024x782.jpg 1024w, https:\/\/dc-flipper.cz\/wp-content\/uploads\/2021\/05\/20210121_151941_1-300x229.jpg 300w, https:\/\/dc-flipper.cz\/wp-content\/uploads\/2021\/05\/20210121_151941_1-768x586.jpg 768w, https:\/\/dc-flipper.cz\/wp-content\/uploads\/2021\/05\/20210121_151941_1-1536x1173.jpg 1536w, https:\/\/dc-flipper.cz\/wp-content\/uploads\/2021\/05\/20210121_151941_1-2048x1563.jpg 2048w, https:\/\/dc-flipper.cz\/wp-content\/uploads\/2021\/05\/20210121_151941_1-scaled.jpg 786w\" sizes=\"(max-width: 1024px) 100vw, 1024px\" \/>\t\t\t\t\t\t\t\t\t\t\t\t\t\t\t<\/div>\n\t\t\t\t<\/div>\n\t\t\t\t\t<\/div>\n\t\t<\/div>\n\t\t\t\t\t<\/div>\n\t\t<\/section>\n\t\t\t\t<section class=\"elementor-section elementor-top-section elementor-element elementor-element-3a9249d elementor-section-stretched elementor-section-height-min-height elementor-section-boxed elementor-section-height-default elementor-section-items-middle\" data-id=\"3a9249d\" data-element_type=\"section\" id=\"muzi\" data-settings=\"{&quot;stretch_section&quot;:&quot;section-stretched&quot;,&quot;background_background&quot;:&quot;classic&quot;}\">\n\t\t\t\t\t\t<div class=\"elementor-container elementor-column-gap-default\">\n\t\t\t\t\t<div class=\"elementor-column elementor-col-100 elementor-top-column elementor-element elementor-element-a87181c\" data-id=\"a87181c\" data-element_type=\"column\">\n\t\t\t<div class=\"elementor-widget-wrap elementor-element-populated\">\n\t\t\t\t\t\t<div class=\"elementor-element elementor-element-9026840 elementor-widget elementor-widget-heading\" data-id=\"9026840\" data-element_type=\"widget\" data-widget_type=\"heading.default\">\n\t\t\t\t<div class=\"elementor-widget-container\">\n\t\t\t\t\t<h2 class=\"elementor-heading-title elementor-size-default\">PREVENTIVN\u00cd VY\u0160ET\u0158EN\u00cd MU\u017d\u016e<\/h2>\t\t\t\t<\/div>\n\t\t\t\t<\/div>\n\t\t\t\t\t<\/div>\n\t\t<\/div>\n\t\t\t\t\t<\/div>\n\t\t<\/section>\n\t\t\t\t<section class=\"elementor-section elementor-top-section elementor-element elementor-element-742be08 elementor-section-stretched elementor-section-boxed elementor-section-height-default elementor-section-height-default\" data-id=\"742be08\" data-element_type=\"section\" data-settings=\"{&quot;stretch_section&quot;:&quot;section-stretched&quot;,&quot;background_background&quot;:&quot;classic&quot;}\">\n\t\t\t\t\t\t<div class=\"elementor-container elementor-column-gap-default\">\n\t\t\t\t\t<div class=\"elementor-column elementor-col-50 elementor-top-column elementor-element elementor-element-972dbcd\" data-id=\"972dbcd\" data-element_type=\"column\">\n\t\t\t<div class=\"elementor-widget-wrap elementor-element-populated\">\n\t\t\t\t\t\t<div class=\"elementor-element elementor-element-db77bc8 elementor-widget elementor-widget-image\" data-id=\"db77bc8\" data-element_type=\"widget\" data-widget_type=\"image.default\">\n\t\t\t\t<div class=\"elementor-widget-container\">\n\t\t\t\t\t\t\t\t\t\t\t\t\t\t\t<img decoding=\"async\" width=\"1024\" height=\"768\" data-src=\"https:\/\/dc-flipper.cz\/wp-content\/uploads\/2021\/05\/20210212_175751-1024x768.jpg\" class=\"attachment-large size-large wp-image-866 lazyload\" alt=\"\" data-srcset=\"https:\/\/dc-flipper.cz\/wp-content\/uploads\/2021\/05\/20210212_175751-1024x768.jpg 1024w, https:\/\/dc-flipper.cz\/wp-content\/uploads\/2021\/05\/20210212_175751-300x225.jpg 300w, https:\/\/dc-flipper.cz\/wp-content\/uploads\/2021\/05\/20210212_175751-768x576.jpg 768w, https:\/\/dc-flipper.cz\/wp-content\/uploads\/2021\/05\/20210212_175751-1536x1152.jpg 1536w, https:\/\/dc-flipper.cz\/wp-content\/uploads\/2021\/05\/20210212_175751-2048x1536.jpg 2048w, https:\/\/dc-flipper.cz\/wp-content\/uploads\/2021\/05\/20210212_175751-scaled.jpg 800w\" data-sizes=\"(max-width: 1024px) 100vw, 1024px\" src=\"data:image\/svg+xml;base64,PHN2ZyB3aWR0aD0iMSIgaGVpZ2h0PSIxIiB4bWxucz0iaHR0cDovL3d3dy53My5vcmcvMjAwMC9zdmciPjwvc3ZnPg==\" style=\"--smush-placeholder-width: 1024px; --smush-placeholder-aspect-ratio: 1024\/768;\" \/>\t\t\t\t\t\t\t\t\t\t\t\t\t\t\t<\/div>\n\t\t\t\t<\/div>\n\t\t\t\t\t<\/div>\n\t\t<\/div>\n\t\t\t\t<div class=\"elementor-column elementor-col-50 elementor-top-column elementor-element elementor-element-a2ff2b2\" data-id=\"a2ff2b2\" data-element_type=\"column\">\n\t\t\t<div class=\"elementor-widget-wrap elementor-element-populated\">\n\t\t\t\t\t\t<div class=\"elementor-element elementor-element-f1af149 elementor-widget elementor-widget-text-editor\" data-id=\"f1af149\" data-element_type=\"widget\" data-widget_type=\"text-editor.default\">\n\t\t\t\t<div class=\"elementor-widget-container\">\n\t\t\t\t\t\t\t\t\t<p>N\u00e1dory varlat pat\u0159\u00ed mezi nej\u010dast\u011bj\u0161\u00ed zhoubn\u00e1 onemocn\u011bn\u00ed u dosp\u00edvaj\u00edc\u00edch chlapc\u016f a\u00a0 mlad\u00fdch mu\u017e\u016f mezi 15.-40. rokem v\u011bku. Jejich v\u00fdskyt neust\u00e1le nar\u016fst\u00e1. V \u010cesk\u00e9 republice se za posledn\u00edch 20 let jejich v\u00fdskyt ztrojn\u00e1sobil.<\/p><p>P\u0159esto jsou informace a znalosti o tomto typu n\u00e1doru, jeho v\u00fdskytu, p\u0159\u00edznac\u00edch, rizikov\u00fdch faktorech, mo\u017enostech prevence \u010di metod\u00e1ch \u010dasn\u00e9ho z\u00e1chytu v \u0161irok\u00e9 ve\u0159ejnosti minim\u00e1ln\u00ed. Zhoubn\u00e9 n\u00e1dory varlat vyr\u016fstaj\u00ed v\u011bt\u0161inou ze z\u00e1rode\u010dn\u00fdch bun\u011bk varlat.\u00a0<\/p><p>Riziko pozdn\u00edho rozpozn\u00e1n\u00ed, odd\u00e1len\u00ed spr\u00e1vn\u00e9 diagn\u00f3zy a\u00a0 l\u00e9\u010dby m\u016f\u017ee v\u00e9st k\u00a0 roz\u0161\u00ed\u0159en\u00ed n\u00e1doru cestou krevn\u00edch a\u00a0 lymfatick\u00fdch c\u00e9v do t\u011bla a vytvo\u0159en\u00ed vzd\u00e1len\u00fdch lo\u017eisek n\u00e1doru &#8211;\u00a0 metast\u00e1z. Zhoubn\u00e9 n\u00e1dory varlat vytv\u00e1\u0159ej\u00ed metast\u00e1zy v\u00a0 pr\u016fb\u011bhu n\u011bkolika m\u00e1lo m\u011bs\u00edc\u016f (1 &#8211; 2\u00a0 m\u011bs\u00edce) nej\u010dast\u011bji do lymfatick\u00fdch uzlin v\u00a0 b\u0159ichu, do plic a do jater. P\u0159i pokro\u010dil\u00e9m onemocn\u011bn\u00ed v\u0161ak m\u016f\u017eou b\u00fdt posti\u017eeny t\u00e9m\u011b\u0159 v\u0161echny d\u016fle\u017eit\u00e9 org\u00e1ny t\u011bla (mozek, kosti, kostn\u00ed d\u0159e\u0148). Z\u00e1kladn\u00edm vy\u0161et\u0159en\u00edm, kter\u00e9 umo\u017en\u00ed odhalit i ran\u00e1 st\u00e1dia, je ultrazvukov\u00e9 vy\u0161et\u0159en\u00ed.\u00a0<\/p>\t\t\t\t\t\t\t\t<\/div>\n\t\t\t\t<\/div>\n\t\t\t\t\t<\/div>\n\t\t<\/div>\n\t\t\t\t\t<\/div>\n\t\t<\/section>\n\t\t\t\t<\/div>\n\t\t","protected":false},"excerpt":{"rendered":"<p>PREVENTIVN\u00cd VY\u0160ET\u0158EN\u00cd \u017dEN Rakovina prsu postihne ka\u017edou osmou \u017eenu v \u010cR. V po\u010d\u00e1te\u010dn\u00edm st\u00e1diu je onemocn\u011bn\u00ed dob\u0159e l\u00e9\u010diteln\u00e9, v\u011bt\u0161inou v\u0161ak\u00a0 zcela bezp\u0159\u00edznakov\u00e9. Ultrazvukov\u00e9 vy\u0161et\u0159en\u00ed m\u016f\u017ee odhalit i \u010dasn\u00e1 st\u00e1dia onemocn\u011bn\u00ed prs\u016f. Jde o nebolestivou a bezpe\u010dnou vy\u0161et\u0159ovac\u00ed metodu, kter\u00e1\u00a0nevy\u017eaduje p\u0159\u00edpravu, nezat\u011b\u017euje organismus rentgenov\u00fdm z\u00e1\u0159en\u00edm a je mo\u017en\u00e9 ji libovoln\u011b opakovat. Vy\u0161et\u0159en\u00ed prov\u00e1d\u00ed l\u00e9ka\u0159 radiolog &#8211; [&hellip;]<\/p>\n","protected":false},"author":1,"featured_media":0,"parent":0,"menu_order":0,"comment_status":"closed","ping_status":"closed","template":"elementor_header_footer","meta":{"ocean_post_layout":"","ocean_both_sidebars_style":"","ocean_both_sidebars_content_width":0,"ocean_both_sidebars_sidebars_width":0,"ocean_sidebar":"","ocean_second_sidebar":"","ocean_disable_margins":"enable","ocean_add_body_class":"","ocean_shortcode_before_top_bar":"","ocean_shortcode_after_top_bar":"","ocean_shortcode_before_header":"","ocean_shortcode_after_header":"","ocean_has_shortcode":"","ocean_shortcode_after_title":"","ocean_shortcode_before_footer_widgets":"","ocean_shortcode_after_footer_widgets":"","ocean_shortcode_before_footer_bottom":"","ocean_shortcode_after_footer_bottom":"","ocean_display_top_bar":"default","ocean_display_header":"default","ocean_header_style":"","ocean_center_header_left_menu":"","ocean_custom_header_template":"","ocean_custom_logo":0,"ocean_custom_retina_logo":0,"ocean_custom_logo_max_width":0,"ocean_custom_logo_tablet_max_width":0,"ocean_custom_logo_mobile_max_width":0,"ocean_custom_logo_max_height":0,"ocean_custom_logo_tablet_max_height":0,"ocean_custom_logo_mobile_max_height":0,"ocean_header_custom_menu":"","ocean_menu_typo_font_family":"","ocean_menu_typo_font_subset":"","ocean_menu_typo_font_size":0,"ocean_menu_typo_font_size_tablet":0,"ocean_menu_typo_font_size_mobile":0,"ocean_menu_typo_font_size_unit":"px","ocean_menu_typo_font_weight":"","ocean_menu_typo_font_weight_tablet":"","ocean_menu_typo_font_weight_mobile":"","ocean_menu_typo_transform":"","ocean_menu_typo_transform_tablet":"","ocean_menu_typo_transform_mobile":"","ocean_menu_typo_line_height":0,"ocean_menu_typo_line_height_tablet":0,"ocean_menu_typo_line_height_mobile":0,"ocean_menu_typo_line_height_unit":"","ocean_menu_typo_spacing":0,"ocean_menu_typo_spacing_tablet":0,"ocean_menu_typo_spacing_mobile":0,"ocean_menu_typo_spacing_unit":"","ocean_menu_link_color":"","ocean_menu_link_color_hover":"","ocean_menu_link_color_active":"","ocean_menu_link_background":"","ocean_menu_link_hover_background":"","ocean_menu_link_active_background":"","ocean_menu_social_links_bg":"","ocean_menu_social_hover_links_bg":"","ocean_menu_social_links_color":"","ocean_menu_social_hover_links_color":"","ocean_disable_title":"default","ocean_disable_heading":"default","ocean_post_title":"","ocean_post_subheading":"","ocean_post_title_style":"","ocean_post_title_background_color":"","ocean_post_title_background":0,"ocean_post_title_bg_image_position":"","ocean_post_title_bg_image_attachment":"","ocean_post_title_bg_image_repeat":"","ocean_post_title_bg_image_size":"","ocean_post_title_height":0,"ocean_post_title_bg_overlay":0.5,"ocean_post_title_bg_overlay_color":"","ocean_disable_breadcrumbs":"default","ocean_breadcrumbs_color":"","ocean_breadcrumbs_separator_color":"","ocean_breadcrumbs_links_color":"","ocean_breadcrumbs_links_hover_color":"","ocean_display_footer_widgets":"default","ocean_display_footer_bottom":"default","ocean_custom_footer_template":"","footnotes":""},"class_list":["post-58","page","type-page","status-publish","hentry","entry"],"_links":{"self":[{"href":"https:\/\/dc-flipper.cz\/index.php\/wp-json\/wp\/v2\/pages\/58","targetHints":{"allow":["GET"]}}],"collection":[{"href":"https:\/\/dc-flipper.cz\/index.php\/wp-json\/wp\/v2\/pages"}],"about":[{"href":"https:\/\/dc-flipper.cz\/index.php\/wp-json\/wp\/v2\/types\/page"}],"author":[{"embeddable":true,"href":"https:\/\/dc-flipper.cz\/index.php\/wp-json\/wp\/v2\/users\/1"}],"replies":[{"embeddable":true,"href":"https:\/\/dc-flipper.cz\/index.php\/wp-json\/wp\/v2\/comments?post=58"}],"version-history":[{"count":9,"href":"https:\/\/dc-flipper.cz\/index.php\/wp-json\/wp\/v2\/pages\/58\/revisions"}],"predecessor-version":[{"id":869,"href":"https:\/\/dc-flipper.cz\/index.php\/wp-json\/wp\/v2\/pages\/58\/revisions\/869"}],"wp:attachment":[{"href":"https:\/\/dc-flipper.cz\/index.php\/wp-json\/wp\/v2\/media?parent=58"}],"curies":[{"name":"wp","href":"https:\/\/api.w.org\/{rel}","templated":true}]}}