{"id":20,"date":"2019-03-10T08:47:16","date_gmt":"2019-03-10T07:47:16","guid":{"rendered":"https:\/\/dc-flipper.cz\/upload\/?page_id=20"},"modified":"2026-04-24T09:28:37","modified_gmt":"2026-04-24T07:28:37","slug":"domu","status":"publish","type":"page","link":"https:\/\/dc-flipper.cz\/","title":{"rendered":"domu"},"content":{"rendered":"\t\t<div data-elementor-type=\"wp-post\" data-elementor-id=\"20\" class=\"elementor elementor-20\">\n\t\t\t\t\t\t<section class=\"elementor-section elementor-top-section elementor-element elementor-element-f8cfc59 elementor-section-stretched carousel elementor-section-full_width elementor-section-height-default elementor-section-height-default\" data-id=\"f8cfc59\" data-element_type=\"section\" data-settings=\"{&quot;stretch_section&quot;:&quot;section-stretched&quot;}\">\n\t\t\t\t\t\t<div class=\"elementor-container elementor-column-gap-default\">\n\t\t\t\t\t<div class=\"elementor-column elementor-col-100 elementor-top-column elementor-element elementor-element-c5d44db\" data-id=\"c5d44db\" data-element_type=\"column\">\n\t\t\t<div class=\"elementor-widget-wrap elementor-element-populated\">\n\t\t\t\t\t\t\t<\/div>\n\t\t<\/div>\n\t\t\t\t\t<\/div>\n\t\t<\/section>\n\t\t\t\t<section class=\"elementor-section elementor-top-section elementor-element elementor-element-72b69446 elementor-section-boxed elementor-section-height-default elementor-section-height-default\" data-id=\"72b69446\" data-element_type=\"section\">\n\t\t\t\t\t\t<div class=\"elementor-container elementor-column-gap-default\">\n\t\t\t\t\t<div class=\"elementor-column elementor-col-100 elementor-top-column elementor-element elementor-element-60eeb1ed\" data-id=\"60eeb1ed\" data-element_type=\"column\">\n\t\t\t<div class=\"elementor-widget-wrap elementor-element-populated\">\n\t\t\t\t\t\t<div class=\"elementor-element elementor-element-580efcd0 elementor-view-default elementor-position-block-start elementor-mobile-position-block-start elementor-widget elementor-widget-icon-box\" data-id=\"580efcd0\" data-element_type=\"widget\" data-widget_type=\"icon-box.default\">\n\t\t\t\t<div class=\"elementor-widget-container\">\n\t\t\t\t\t\t\t<div class=\"elementor-icon-box-wrapper\">\n\n\t\t\t\t\t\t<div class=\"elementor-icon-box-icon\">\n\t\t\t\t<span  class=\"elementor-icon\">\n\t\t\t\t<svg aria-hidden=\"true\" class=\"e-font-icon-svg e-fas-coffee\" viewBox=\"0 0 640 512\" xmlns=\"http:\/\/www.w3.org\/2000\/svg\"><path d=\"M192 384h192c53 0 96-43 96-96h32c70.6 0 128-57.4 128-128S582.6 32 512 32H120c-13.3 0-24 10.7-24 24v232c0 53 43 96 96 96zM512 96c35.3 0 64 28.7 64 64s-28.7 64-64 64h-32V96h32zm47.7 384H48.3c-47.6 0-61-64-36-64h583.3c25 0 11.8 64-35.9 64z\"><\/path><\/svg>\t\t\t\t<\/span>\n\t\t\t<\/div>\n\t\t\t\n\t\t\t\t\t\t<div class=\"elementor-icon-box-content\">\n\n\t\t\t\t\t\t\t\t\t<h1 class=\"elementor-icon-box-title\">\n\t\t\t\t\t\t<span  >\n\t\t\t\t\t\t\tAktuality\t\t\t\t\t\t<\/span>\n\t\t\t\t\t<\/h1>\n\t\t\t\t\n\t\t\t\t\n\t\t\t<\/div>\n\t\t\t\n\t\t<\/div>\n\t\t\t\t\t\t<\/div>\n\t\t\t\t<\/div>\n\t\t\t\t<section class=\"elementor-section elementor-inner-section elementor-element elementor-element-5f7bc0f8 elementor-section-boxed elementor-section-height-default elementor-section-height-default\" data-id=\"5f7bc0f8\" data-element_type=\"section\">\n\t\t\t\t\t\t<div class=\"elementor-container elementor-column-gap-default\">\n\t\t\t\t\t<div class=\"elementor-column elementor-col-100 elementor-inner-column elementor-element elementor-element-5309cdcf\" data-id=\"5309cdcf\" data-element_type=\"column\">\n\t\t\t<div class=\"elementor-widget-wrap elementor-element-populated\">\n\t\t\t\t\t\t<div class=\"elementor-element elementor-element-1073dbc0 elementor-widget elementor-widget-text-editor\" data-id=\"1073dbc0\" data-element_type=\"widget\" data-widget_type=\"text-editor.default\">\n\t\t\t\t<div class=\"elementor-widget-container\">\n\t\t\t\t\t\t\t\t\t<p style=\"text-align: center;\"><span style=\"color: #ff0000;\"><strong>UPOZORN\u011aN\u00cd<\/strong><\/span><\/p><p style=\"text-align: center;\"><span style=\"color: #ff0000;\"><strong>V pond\u011bl\u00ed 27.4.2026 bude v RTG v ordinaci V\u00edde\u0148sk\u00e1 v \u010dase 12:00 &#8211; 15:00 z technick\u00fdch d\u016fvodu uzav\u0159en.<br \/>Zbytek ordina\u010dn\u00edch hodin bude RTG standardn\u011b v provozu.<br \/>Pacient\u016f objednan\u00fdch v tento \u010das na UZ vy\u0161et\u0159en\u00ed se tato zm\u011bna nijak nedotkne.<\/strong><\/span><\/p><p>\u00a0<\/p><p style=\"text-align: center;\"><span style=\"color: #ff0000;\"><strong>D\u011bkujeme z<\/strong><strong>a pochopen\u00ed<\/strong><\/span><\/p>\t\t\t\t\t\t\t\t<\/div>\n\t\t\t\t<\/div>\n\t\t\t\t\t<\/div>\n\t\t<\/div>\n\t\t\t\t\t<\/div>\n\t\t<\/section>\n\t\t\t\t\t<\/div>\n\t\t<\/div>\n\t\t\t\t\t<\/div>\n\t\t<\/section>\n\t\t\t\t<section class=\"elementor-section elementor-top-section elementor-element elementor-element-2cccd6b elementor-section-stretched elementor-section-full_width elementor-section-height-default elementor-section-height-default\" data-id=\"2cccd6b\" data-element_type=\"section\" data-settings=\"{&quot;stretch_section&quot;:&quot;section-stretched&quot;}\">\n\t\t\t\t\t\t<div class=\"elementor-container elementor-column-gap-default\">\n\t\t\t\t\t<div class=\"elementor-column elementor-col-100 elementor-top-column elementor-element elementor-element-495c1bb\" data-id=\"495c1bb\" data-element_type=\"column\">\n\t\t\t<div class=\"elementor-widget-wrap elementor-element-populated\">\n\t\t\t\t\t\t<div class=\"elementor-element elementor-element-c98b175 elementor-widget elementor-widget-text-editor\" data-id=\"c98b175\" data-element_type=\"widget\" data-widget_type=\"text-editor.default\">\n\t\t\t\t<div class=\"elementor-widget-container\">\n\t\t\t\t\t\t\t\t\t<h1 style=\"text-align: center;\"><strong>O n\u00e1s<\/strong><\/h1><p style=\"text-align: center;\">V\u00edtejte na str\u00e1nk\u00e1ch <strong>D<\/strong>iagnostick\u00e9ho <strong>C<\/strong>entra &#8211; <strong>Flipper<\/strong>.<br \/>Poskytujeme <strong>UZ ( SONO) a RTG<\/strong> vy\u0161et\u0159en\u00ed pro cel\u00e9 v\u011bkov\u00e9 spektrum pacient\u016f. Specializujeme se na vy\u0161et\u0159ov\u00e1n\u00ed d\u011bt\u00ed a dosp\u00edvaj\u00edc\u00edch.<br \/>Tomu odpov\u00edd\u00e1 i vybaven\u00ed ordinac\u00ed a \u010dek\u00e1ren, kter\u00e9 je p\u0159izp\u016fsoben\u00e9 nejmen\u0161\u00edm pacient\u016fm. V \u010dek\u00e1rn\u00e1ch jsou p\u0159ebalovac\u00ed pulty, v ordinaci na V\u00edde\u0148sk\u00e9 a Lesn\u00e9 jsou vytvo\u0159eny odd\u011blen\u00e9 d\u011btsk\u00e9 koutky vybaven\u00e9 hra\u010dkami.<br \/>Vstup do v\u0161ech 3 ordinac\u00ed je bezbari\u00e9rov\u00fd.<\/p><p style=\"text-align: center;\">P\u0159\u00edstroje od firmy Samsung, kter\u00e9 pou\u017e\u00edv\u00e1me, pat\u0159\u00ed ke sv\u011btov\u00e9 \u0161pi\u010dce.<br \/>Obrazov\u00e1 dokumentace a v\u00fdsledky vy\u0161et\u0159en\u00ed jsou vedeny v digit\u00e1ln\u00ed podob\u011b.<br \/>Zavedli jsme vlastn\u00ed PACS server pro spr\u00e1vu, sd\u00edlen\u00ed sn\u00edmk\u016f a v\u00fdsledk\u016f pro odborn\u00e9 l\u00e9ka\u0159e, jsme napojeni na celost\u00e1tn\u00ed syst\u00e9m v\u00fdm\u011bny obrazov\u00e9 dokumentace ReDiMed a ePACS.<br \/>V p\u0159\u00edpad\u011b pot\u0159eby n\u00e1lez tiskneme pacientovi.<\/p><p style=\"text-align: center;\">Na webov\u00fdch str\u00e1nk\u00e1ch m\u00e1me vytvo\u0159en On-line rezerva\u010dn\u00ed syst\u00e9m pro vybran\u00e1 UZ vy\u0161et\u0159en\u00ed.<br \/><strong>RTG vy\u0161et\u0159en\u00ed jsou ve v\u0161ech na\u0161ich ambulanc\u00edch bez objedn\u00e1n\u00ed.<\/strong><\/p><p style=\"text-align: center;\">N\u00e1\u0161 person\u00e1l se skl\u00e1d\u00e1 ze zku\u0161en\u00fdch specialist\u016f na d\u011btskou radiologii, dosp\u011blou radiologii a mamologii.<br \/>Propojen\u00edm t\u00fdmu specializovan\u00fdch l\u00e9ka\u0159\u016f a radiologick\u00fdch asistent\u016f s kvalitn\u00edm technick\u00fdm a person\u00e1ln\u00edm z\u00e1zem\u00edm, kter\u00e9 je p\u0159izp\u016fsoben\u00e9 i nejmen\u0161\u00edm pacient\u016fm, zaji\u0161\u0165ujeme c\u00edlen\u00e9 vy\u0161et\u0159en\u00ed a kvalitn\u00ed v\u00fdsledky.<\/p><p style=\"text-align: center;\"><span style=\"color: #ff0000;\"><strong><span style=\"color: #ff9900;\">V\u00e1\u017een\u00ed pacienti, pokud jste k n\u00e1m objedn\u00e1ni na vy\u0161et\u0159en\u00ed a v\u00edte, \u017ee se nebudete moci dostavit, dejte n\u00e1m v\u011bd\u011bt na tel.: 538 700 854 nebo na email: info@dc-flipper.cz<\/span><\/strong><\/span><\/p><p style=\"text-align: center;\"><strong><span style=\"color: #ff9900;\">Uvoln\u00edte t\u00edm term\u00edn pro jin\u00e9ho, nap\u0159\u00edklad akutn\u00edho, pacienta a p\u0159isp\u011bjete ke zkr\u00e1cen\u00ed objednac\u00edch term\u00edn\u016f.\u00a0<\/span><\/strong><\/p><p style=\"text-align: center;\"><strong><span style=\"color: #ff9900;\">D\u011bkujeme za pochopen\u00ed<\/span><\/strong><\/p>\t\t\t\t\t\t\t\t<\/div>\n\t\t\t\t<\/div>\n\t\t\t\t\t<\/div>\n\t\t<\/div>\n\t\t\t\t\t<\/div>\n\t\t<\/section>\n\t\t\t\t<section class=\"elementor-section elementor-top-section elementor-element elementor-element-87f0b8d elementor-section-full_width elementor-section-height-default elementor-section-height-default\" data-id=\"87f0b8d\" data-element_type=\"section\" id=\"mapa\" data-settings=\"{&quot;background_background&quot;:&quot;classic&quot;}\">\n\t\t\t\t\t\t<div class=\"elementor-container elementor-column-gap-default\">\n\t\t\t\t\t<div class=\"elementor-column elementor-col-100 elementor-top-column elementor-element elementor-element-9752091\" data-id=\"9752091\" data-element_type=\"column\">\n\t\t\t<div class=\"elementor-widget-wrap elementor-element-populated\">\n\t\t\t\t\t\t<div class=\"elementor-element elementor-element-ac131b7 elementor-view-default elementor-position-block-start elementor-mobile-position-block-start elementor-widget elementor-widget-icon-box\" data-id=\"ac131b7\" data-element_type=\"widget\" data-widget_type=\"icon-box.default\">\n\t\t\t\t<div class=\"elementor-widget-container\">\n\t\t\t\t\t\t\t<div class=\"elementor-icon-box-wrapper\">\n\n\t\t\t\t\t\t<div class=\"elementor-icon-box-icon\">\n\t\t\t\t<span  class=\"elementor-icon\">\n\t\t\t\t<i class=\"fa fa-car\" aria-hidden=\"true\"><\/i>\t\t\t\t<\/span>\n\t\t\t<\/div>\n\t\t\t\n\t\t\t\t\t\t<div class=\"elementor-icon-box-content\">\n\n\t\t\t\t\t\t\t\t\t<h3 class=\"elementor-icon-box-title\">\n\t\t\t\t\t\t<span  >\n\t\t\t\t\t\t\tKDE N\u00c1S NAJDETE?\t\t\t\t\t\t<\/span>\n\t\t\t\t\t<\/h3>\n\t\t\t\t\n\t\t\t\t\n\t\t\t<\/div>\n\t\t\t\n\t\t<\/div>\n\t\t\t\t\t\t<\/div>\n\t\t\t\t<\/div>\n\t\t\t\t\t<\/div>\n\t\t<\/div>\n\t\t\t\t\t<\/div>\n\t\t<\/section>\n\t\t\t\t<section class=\"elementor-section elementor-top-section elementor-element elementor-element-9b65413 elementor-section-stretched elementor-section-full_width elementor-section-height-default elementor-section-height-default\" data-id=\"9b65413\" data-element_type=\"section\" id=\"ordinacnidoba\" data-settings=\"{&quot;stretch_section&quot;:&quot;section-stretched&quot;,&quot;background_background&quot;:&quot;classic&quot;}\">\n\t\t\t\t\t\t<div class=\"elementor-container elementor-column-gap-default\">\n\t\t\t\t\t<div class=\"elementor-column elementor-col-33 elementor-top-column elementor-element elementor-element-c7ffbe5\" data-id=\"c7ffbe5\" data-element_type=\"column\">\n\t\t\t<div class=\"elementor-widget-wrap elementor-element-populated\">\n\t\t\t\t\t\t<div class=\"elementor-element elementor-element-be11bb6 elementor-widget elementor-widget-text-editor\" data-id=\"be11bb6\" data-element_type=\"widget\" data-widget_type=\"text-editor.default\">\n\t\t\t\t<div class=\"elementor-widget-container\">\n\t\t\t\t\t\t\t\t\t<p style=\"text-align: center;\"><strong>Poliklinika Dobrovsk\u00e9ho 23<\/strong><br \/>+420 538 700 854<\/p><p style=\"text-align: center;\">Pond\u011bl\u00ed: 07 &#8211; 15h<br \/>\u00dater\u00fd:\u00a0<span style=\"font-size: 15px; font-style: normal;\">07 &#8211; 15h<\/span><br \/>St\u0159eda: 07 &#8211; 17h<br \/>\u010ctvrtek:\u00a0<span style=\"font-size: 15px; font-style: normal;\">07 &#8211; 15h<\/span><br \/>P\u00e1tek:\u00a0<span style=\"font-size: 15px; font-style: normal;\">07 &#8211; 13h<\/span><\/p>\t\t\t\t\t\t\t\t<\/div>\n\t\t\t\t<\/div>\n\t\t\t\t\t<\/div>\n\t\t<\/div>\n\t\t\t\t<div class=\"elementor-column elementor-col-33 elementor-top-column elementor-element elementor-element-a78e126\" data-id=\"a78e126\" data-element_type=\"column\">\n\t\t\t<div class=\"elementor-widget-wrap elementor-element-populated\">\n\t\t\t\t\t\t<div class=\"elementor-element elementor-element-95c02f6 elementor-widget elementor-widget-text-editor\" data-id=\"95c02f6\" data-element_type=\"widget\" data-widget_type=\"text-editor.default\">\n\t\t\t\t<div class=\"elementor-widget-container\">\n\t\t\t\t\t\t\t\t\t<p style=\"text-align: center;\"><strong>Centrum V\u00edde\u0148sk\u00e1 55<br \/><\/strong><span style=\"font-size: 15px; font-style: normal;\">+420 538 700 854<\/span><\/p><p style=\"text-align: center;\">Pond\u011bl\u00ed: 07 &#8211; 17h<br \/>\u00dater\u00fd:\u00a007 &#8211; 15h<br \/>St\u0159eda: 07 &#8211; 15h<br \/>\u010ctvrtek:\u00a007 &#8211; 15h<br \/>P\u00e1tek:\u00a007 &#8211; 13h<\/p>\t\t\t\t\t\t\t\t<\/div>\n\t\t\t\t<\/div>\n\t\t\t\t\t<\/div>\n\t\t<\/div>\n\t\t\t\t<div class=\"elementor-column elementor-col-33 elementor-top-column elementor-element elementor-element-920e588\" data-id=\"920e588\" data-element_type=\"column\">\n\t\t\t<div class=\"elementor-widget-wrap elementor-element-populated\">\n\t\t\t\t\t\t<div class=\"elementor-element elementor-element-d7d7f06 elementor-widget elementor-widget-text-editor\" data-id=\"d7d7f06\" data-element_type=\"widget\" data-widget_type=\"text-editor.default\">\n\t\t\t\t<div class=\"elementor-widget-container\">\n\t\t\t\t\t\t\t\t\t<p style=\"text-align: center;\"><strong>Poliklininika Lesn\u00e1 &#8211; Halasovo n\u00e1m. 1<\/strong><br \/>+420 533 338 340<\/p><p style=\"text-align: center;\"><span style=\"font-size: 15px;\">Pond\u011bl\u00ed: 07 &#8211; 15h<br \/><\/span><span style=\"font-size: 15px;\">\u00dater\u00fd:\u00a007 &#8211; 15h<br \/><\/span>St\u0159eda: 07 &#8211; 17h<br \/>\u010ctvrtek:\u00a007 &#8211; 15h<br \/>P\u00e1tek:\u00a007 &#8211; 13h<\/p>\t\t\t\t\t\t\t\t<\/div>\n\t\t\t\t<\/div>\n\t\t\t\t\t<\/div>\n\t\t<\/div>\n\t\t\t\t\t<\/div>\n\t\t<\/section>\n\t\t\t\t<section class=\"elementor-section elementor-top-section elementor-element elementor-element-adec962 elementor-section-stretched elementor-section-full_width elementor-section-height-default elementor-section-height-default\" data-id=\"adec962\" data-element_type=\"section\" data-settings=\"{&quot;stretch_section&quot;:&quot;section-stretched&quot;}\">\n\t\t\t\t\t\t<div class=\"elementor-container elementor-column-gap-default\">\n\t\t\t\t\t<div class=\"elementor-column elementor-col-100 elementor-top-column elementor-element elementor-element-8fa7eb5\" data-id=\"8fa7eb5\" data-element_type=\"column\">\n\t\t\t<div class=\"elementor-widget-wrap elementor-element-populated\">\n\t\t\t\t\t\t<div class=\"elementor-element elementor-element-077eac4 elementor-widget elementor-widget-shortcode\" data-id=\"077eac4\" data-element_type=\"widget\" data-widget_type=\"shortcode.default\">\n\t\t\t\t<div class=\"elementor-widget-container\">\n\t\t\t\t\t\t\t<div class=\"elementor-shortcode\"><iframe data-src=\"https:\/\/www.google.com\/maps\/d\/embed?mid=1LyvAARBFci1U3QX_Bw58WJQNRO7pEczp\" width=\"100%\" height=\"560\" src=\"data:image\/svg+xml;base64,PHN2ZyB3aWR0aD0iMSIgaGVpZ2h0PSIxIiB4bWxucz0iaHR0cDovL3d3dy53My5vcmcvMjAwMC9zdmciPjwvc3ZnPg==\" class=\"lazyload\" data-load-mode=\"1\"><\/iframe><\/div>\n\t\t\t\t\t\t<\/div>\n\t\t\t\t<\/div>\n\t\t\t\t\t<\/div>\n\t\t<\/div>\n\t\t\t\t\t<\/div>\n\t\t<\/section>\n\t\t\t\t<section class=\"elementor-section elementor-top-section elementor-element elementor-element-4add4bd elementor-section-boxed elementor-section-height-default elementor-section-height-default\" data-id=\"4add4bd\" data-element_type=\"section\">\n\t\t\t\t\t\t<div class=\"elementor-container elementor-column-gap-default\">\n\t\t\t\t\t<div class=\"elementor-column elementor-col-100 elementor-top-column elementor-element elementor-element-f224ff6\" data-id=\"f224ff6\" data-element_type=\"column\">\n\t\t\t<div class=\"elementor-widget-wrap elementor-element-populated\">\n\t\t\t\t\t\t<div class=\"elementor-element elementor-element-97f5c85 gallery-spacing-custom elementor-widget elementor-widget-image-gallery\" data-id=\"97f5c85\" data-element_type=\"widget\" data-widget_type=\"image-gallery.default\">\n\t\t\t\t<div class=\"elementor-widget-container\">\n\t\t\t\t\t\t\t<div class=\"elementor-image-gallery\">\n\t\t\t<div id='gallery-1' class='gallery galleryid-20 gallery-columns-6 gallery-size-medium'><figure class='gallery-item'>\n\t\t\t<div class='gallery-icon landscape'>\n\t\t\t\t<img decoding=\"async\" width=\"300\" height=\"146\" data-src=\"https:\/\/dc-flipper.cz\/wp-content\/uploads\/2019\/04\/zpmv-300x146.jpg\" class=\"attachment-medium size-medium lazyload\" alt=\"\" data-srcset=\"https:\/\/dc-flipper.cz\/wp-content\/uploads\/2019\/04\/zpmv-300x146.jpg 300w, https:\/\/dc-flipper.cz\/wp-content\/uploads\/2019\/04\/zpmv.jpg 632w\" data-sizes=\"(max-width: 300px) 100vw, 300px\" src=\"data:image\/svg+xml;base64,PHN2ZyB3aWR0aD0iMSIgaGVpZ2h0PSIxIiB4bWxucz0iaHR0cDovL3d3dy53My5vcmcvMjAwMC9zdmciPjwvc3ZnPg==\" style=\"--smush-placeholder-width: 300px; --smush-placeholder-aspect-ratio: 300\/146;\" \/>\n\t\t\t<\/div><\/figure><figure class='gallery-item'>\n\t\t\t<div class='gallery-icon landscape'>\n\t\t\t\t<img decoding=\"async\" width=\"300\" height=\"104\" data-src=\"https:\/\/dc-flipper.cz\/wp-content\/uploads\/2019\/04\/VZP-VELKE-LOGO-300x104.png\" class=\"attachment-medium size-medium lazyload\" alt=\"\" data-srcset=\"https:\/\/dc-flipper.cz\/wp-content\/uploads\/2019\/04\/VZP-VELKE-LOGO-300x104.png 300w, https:\/\/dc-flipper.cz\/wp-content\/uploads\/2019\/04\/VZP-VELKE-LOGO.png 646w\" data-sizes=\"(max-width: 300px) 100vw, 300px\" src=\"data:image\/svg+xml;base64,PHN2ZyB3aWR0aD0iMSIgaGVpZ2h0PSIxIiB4bWxucz0iaHR0cDovL3d3dy53My5vcmcvMjAwMC9zdmciPjwvc3ZnPg==\" style=\"--smush-placeholder-width: 300px; --smush-placeholder-aspect-ratio: 300\/104;\" \/>\n\t\t\t<\/div><\/figure><figure class='gallery-item'>\n\t\t\t<div class='gallery-icon landscape'>\n\t\t\t\t<img decoding=\"async\" width=\"300\" height=\"165\" data-src=\"https:\/\/dc-flipper.cz\/wp-content\/uploads\/2019\/04\/VOZP_logo-300x165.jpg\" class=\"attachment-medium size-medium lazyload\" alt=\"\" data-srcset=\"https:\/\/dc-flipper.cz\/wp-content\/uploads\/2019\/04\/VOZP_logo-300x165.jpg 300w, https:\/\/dc-flipper.cz\/wp-content\/uploads\/2019\/04\/VOZP_logo-768x422.jpg 768w, https:\/\/dc-flipper.cz\/wp-content\/uploads\/2019\/04\/VOZP_logo.jpg 800w\" data-sizes=\"(max-width: 300px) 100vw, 300px\" src=\"data:image\/svg+xml;base64,PHN2ZyB3aWR0aD0iMSIgaGVpZ2h0PSIxIiB4bWxucz0iaHR0cDovL3d3dy53My5vcmcvMjAwMC9zdmciPjwvc3ZnPg==\" style=\"--smush-placeholder-width: 300px; --smush-placeholder-aspect-ratio: 300\/165;\" \/>\n\t\t\t<\/div><\/figure><figure class='gallery-item'>\n\t\t\t<div class='gallery-icon landscape'>\n\t\t\t\t<img decoding=\"async\" width=\"300\" height=\"180\" data-src=\"https:\/\/dc-flipper.cz\/wp-content\/uploads\/2019\/04\/rbp-300x180.jpg\" class=\"attachment-medium size-medium lazyload\" alt=\"\" data-srcset=\"https:\/\/dc-flipper.cz\/wp-content\/uploads\/2019\/04\/rbp-300x180.jpg 300w, https:\/\/dc-flipper.cz\/wp-content\/uploads\/2019\/04\/rbp-768x460.jpg 768w, https:\/\/dc-flipper.cz\/wp-content\/uploads\/2019\/04\/rbp.jpg 800w\" data-sizes=\"(max-width: 300px) 100vw, 300px\" src=\"data:image\/svg+xml;base64,PHN2ZyB3aWR0aD0iMSIgaGVpZ2h0PSIxIiB4bWxucz0iaHR0cDovL3d3dy53My5vcmcvMjAwMC9zdmciPjwvc3ZnPg==\" style=\"--smush-placeholder-width: 300px; --smush-placeholder-aspect-ratio: 300\/180;\" \/>\n\t\t\t<\/div><\/figure><figure class='gallery-item'>\n\t\t\t<div class='gallery-icon landscape'>\n\t\t\t\t<img decoding=\"async\" width=\"300\" height=\"177\" data-src=\"https:\/\/dc-flipper.cz\/wp-content\/uploads\/2019\/04\/ozp-300x177.jpg\" class=\"attachment-medium size-medium lazyload\" alt=\"\" data-srcset=\"https:\/\/dc-flipper.cz\/wp-content\/uploads\/2019\/04\/ozp-300x177.jpg 300w, https:\/\/dc-flipper.cz\/wp-content\/uploads\/2019\/04\/ozp.jpg 690w\" data-sizes=\"(max-width: 300px) 100vw, 300px\" src=\"data:image\/svg+xml;base64,PHN2ZyB3aWR0aD0iMSIgaGVpZ2h0PSIxIiB4bWxucz0iaHR0cDovL3d3dy53My5vcmcvMjAwMC9zdmciPjwvc3ZnPg==\" style=\"--smush-placeholder-width: 300px; --smush-placeholder-aspect-ratio: 300\/177;\" \/>\n\t\t\t<\/div><\/figure><figure class='gallery-item'>\n\t\t\t<div class='gallery-icon landscape'>\n\t\t\t\t<img decoding=\"async\" width=\"300\" height=\"146\" data-src=\"https:\/\/dc-flipper.cz\/wp-content\/uploads\/2019\/04\/cpzp-300x146.jpg\" class=\"attachment-medium size-medium lazyload\" alt=\"\" data-srcset=\"https:\/\/dc-flipper.cz\/wp-content\/uploads\/2019\/04\/cpzp-300x146.jpg 300w, https:\/\/dc-flipper.cz\/wp-content\/uploads\/2019\/04\/cpzp.jpg 632w\" data-sizes=\"(max-width: 300px) 100vw, 300px\" src=\"data:image\/svg+xml;base64,PHN2ZyB3aWR0aD0iMSIgaGVpZ2h0PSIxIiB4bWxucz0iaHR0cDovL3d3dy53My5vcmcvMjAwMC9zdmciPjwvc3ZnPg==\" style=\"--smush-placeholder-width: 300px; --smush-placeholder-aspect-ratio: 300\/146;\" \/>\n\t\t\t<\/div><\/figure>\n\t\t<\/div>\n\t\t<\/div>\n\t\t\t\t\t\t<\/div>\n\t\t\t\t<\/div>\n\t\t\t\t\t<\/div>\n\t\t<\/div>\n\t\t\t\t\t<\/div>\n\t\t<\/section>\n\t\t\t\t<\/div>\n\t\t","protected":false},"excerpt":{"rendered":"<p>Aktuality UPOZORN\u011aN\u00cd V pond\u011bl\u00ed 27.4.2026 bude v RTG v ordinaci V\u00edde\u0148sk\u00e1 v \u010dase 12:00 &#8211; 15:00 z technick\u00fdch d\u016fvodu uzav\u0159en.Zbytek ordina\u010dn\u00edch hodin bude RTG standardn\u011b v provozu.Pacient\u016f objednan\u00fdch v tento \u010das na UZ vy\u0161et\u0159en\u00ed se tato zm\u011bna nijak nedotkne. \u00a0 D\u011bkujeme za pochopen\u00ed O n\u00e1s V\u00edtejte na str\u00e1nk\u00e1ch Diagnostick\u00e9ho Centra &#8211; Flipper.Poskytujeme UZ ( SONO) [&hellip;]<\/p>\n","protected":false},"author":1,"featured_media":0,"parent":0,"menu_order":0,"comment_status":"closed","ping_status":"closed","template":"","meta":{"ocean_post_layout":"","ocean_both_sidebars_style":"","ocean_both_sidebars_content_width":0,"ocean_both_sidebars_sidebars_width":0,"ocean_sidebar":"","ocean_second_sidebar":"","ocean_disable_margins":"enable","ocean_add_body_class":"","ocean_shortcode_before_top_bar":"","ocean_shortcode_after_top_bar":"","ocean_shortcode_before_header":"","ocean_shortcode_after_header":"","ocean_has_shortcode":"","ocean_shortcode_after_title":"","ocean_shortcode_before_footer_widgets":"","ocean_shortcode_after_footer_widgets":"","ocean_shortcode_before_footer_bottom":"","ocean_shortcode_after_footer_bottom":"","ocean_display_top_bar":"default","ocean_display_header":"default","ocean_header_style":"","ocean_center_header_left_menu":"","ocean_custom_header_template":"","ocean_custom_logo":0,"ocean_custom_retina_logo":0,"ocean_custom_logo_max_width":0,"ocean_custom_logo_tablet_max_width":0,"ocean_custom_logo_mobile_max_width":0,"ocean_custom_logo_max_height":0,"ocean_custom_logo_tablet_max_height":0,"ocean_custom_logo_mobile_max_height":0,"ocean_header_custom_menu":"","ocean_menu_typo_font_family":"","ocean_menu_typo_font_subset":"","ocean_menu_typo_font_size":0,"ocean_menu_typo_font_size_tablet":0,"ocean_menu_typo_font_size_mobile":0,"ocean_menu_typo_font_size_unit":"px","ocean_menu_typo_font_weight":"","ocean_menu_typo_font_weight_tablet":"","ocean_menu_typo_font_weight_mobile":"","ocean_menu_typo_transform":"","ocean_menu_typo_transform_tablet":"","ocean_menu_typo_transform_mobile":"","ocean_menu_typo_line_height":0,"ocean_menu_typo_line_height_tablet":0,"ocean_menu_typo_line_height_mobile":0,"ocean_menu_typo_line_height_unit":"","ocean_menu_typo_spacing":0,"ocean_menu_typo_spacing_tablet":0,"ocean_menu_typo_spacing_mobile":0,"ocean_menu_typo_spacing_unit":"","ocean_menu_link_color":"","ocean_menu_link_color_hover":"","ocean_menu_link_color_active":"","ocean_menu_link_background":"","ocean_menu_link_hover_background":"","ocean_menu_link_active_background":"","ocean_menu_social_links_bg":"","ocean_menu_social_hover_links_bg":"","ocean_menu_social_links_color":"","ocean_menu_social_hover_links_color":"","ocean_disable_title":"default","ocean_disable_heading":"default","ocean_post_title":"","ocean_post_subheading":"","ocean_post_title_style":"","ocean_post_title_background_color":"","ocean_post_title_background":0,"ocean_post_title_bg_image_position":"","ocean_post_title_bg_image_attachment":"","ocean_post_title_bg_image_repeat":"","ocean_post_title_bg_image_size":"","ocean_post_title_height":0,"ocean_post_title_bg_overlay":0.5,"ocean_post_title_bg_overlay_color":"","ocean_disable_breadcrumbs":"default","ocean_breadcrumbs_color":"","ocean_breadcrumbs_separator_color":"","ocean_breadcrumbs_links_color":"","ocean_breadcrumbs_links_hover_color":"","ocean_display_footer_widgets":"default","ocean_display_footer_bottom":"default","ocean_custom_footer_template":"","footnotes":""},"class_list":["post-20","page","type-page","status-publish","hentry","entry"],"_links":{"self":[{"href":"https:\/\/dc-flipper.cz\/index.php\/wp-json\/wp\/v2\/pages\/20","targetHints":{"allow":["GET"]}}],"collection":[{"href":"https:\/\/dc-flipper.cz\/index.php\/wp-json\/wp\/v2\/pages"}],"about":[{"href":"https:\/\/dc-flipper.cz\/index.php\/wp-json\/wp\/v2\/types\/page"}],"author":[{"embeddable":true,"href":"https:\/\/dc-flipper.cz\/index.php\/wp-json\/wp\/v2\/users\/1"}],"replies":[{"embeddable":true,"href":"https:\/\/dc-flipper.cz\/index.php\/wp-json\/wp\/v2\/comments?post=20"}],"version-history":[{"count":451,"href":"https:\/\/dc-flipper.cz\/index.php\/wp-json\/wp\/v2\/pages\/20\/revisions"}],"predecessor-version":[{"id":2033,"href":"https:\/\/dc-flipper.cz\/index.php\/wp-json\/wp\/v2\/pages\/20\/revisions\/2033"}],"wp:attachment":[{"href":"https:\/\/dc-flipper.cz\/index.php\/wp-json\/wp\/v2\/media?parent=20"}],"curies":[{"name":"wp","href":"https:\/\/api.w.org\/{rel}","templated":true}]}}